{"id":3442,"date":"2024-08-07T14:39:06","date_gmt":"2024-08-07T12:39:06","guid":{"rendered":"http:\/\/lemilitarial.com\/wp\/?page_id=3442"},"modified":"2025-11-21T10:55:38","modified_gmt":"2025-11-21T09:55:38","slug":"steles-groupe-vendome","status":"publish","type":"page","link":"http:\/\/lemilitarial.com\/wp\/steles-groupe-vendome\/","title":{"rendered":"St\u00e8les groupe Vend\u00f4me"},"content":{"rendered":"<h5 style=\"text-align: center;\"><a href=\"http:\/\/lemilitarial.com\/wp\/wp-content\/uploads\/2024\/08\/stele-vendome-laprune.jpg\">Les lieux occup\u00e9s par des \u00e9l\u00e9ments du Groupe Vend\u00f4me sont rappel\u00e9s par des st\u00e8les.<br \/>\n<\/a><a href=\"http:\/\/lemilitarial.com\/wp\/wp-content\/uploads\/2024\/08\/stele-vendome-laprune.jpg\" target=\"_blank\" rel=\"noopener noreferrer\"><img loading=\"lazy\" decoding=\"async\" class=\"aligncenter wp-image-3443 size-medium\" src=\"http:\/\/lemilitarial.com\/wp\/wp-content\/uploads\/2024\/08\/stele-vendome-laprune-169x300.jpg\" alt=\"\" width=\"169\" height=\"300\" srcset=\"http:\/\/lemilitarial.com\/wp\/wp-content\/uploads\/2024\/08\/stele-vendome-laprune-169x300.jpg 169w, http:\/\/lemilitarial.com\/wp\/wp-content\/uploads\/2024\/08\/stele-vendome-laprune-576x1024.jpg 576w, http:\/\/lemilitarial.com\/wp\/wp-content\/uploads\/2024\/08\/stele-vendome-laprune.jpg 608w\" sizes=\"auto, (max-width: 169px) 100vw, 169px\" \/><\/a><span style=\"color: #0000ff;\">St\u00e8le de La Prune commune de Marnaves.<br \/>\n<\/span><\/h5>\n<p><span style=\"color: #0000ff;\">La Prune \u00e9tait le P.C du maquis Kl\u00e9ber du groupe Vend\u00f4me.&nbsp; Cette st\u00e8le a \u00e9t\u00e9 r\u00e9nov\u00e9e en juin 2024.<em> (photo Souvenir Fran\u00e7ais de Salvagnac)<\/em><\/span><\/p>\n<h5 style=\"text-align: center;\"><a href=\"http:\/\/lemilitarial.com\/wp\/wp-content\/uploads\/2024\/08\/stele-vendome-lesbarrieres.jpg\" target=\"_blank\" rel=\"noopener noreferrer\"><img loading=\"lazy\" decoding=\"async\" class=\"aligncenter wp-image-3448 size-thumbnail\" src=\"http:\/\/lemilitarial.com\/wp\/wp-content\/uploads\/2024\/08\/stele-vendome-lesbarrieres-150x150.jpg\" alt=\"\" width=\"150\" height=\"150\" srcset=\"http:\/\/lemilitarial.com\/wp\/wp-content\/uploads\/2024\/08\/stele-vendome-lesbarrieres-150x150.jpg 150w, http:\/\/lemilitarial.com\/wp\/wp-content\/uploads\/2024\/08\/stele-vendome-lesbarrieres-300x300.jpg 300w, http:\/\/lemilitarial.com\/wp\/wp-content\/uploads\/2024\/08\/stele-vendome-lesbarrieres-400x400.jpg 400w, http:\/\/lemilitarial.com\/wp\/wp-content\/uploads\/2024\/08\/stele-vendome-lesbarrieres-45x45.jpg 45w, http:\/\/lemilitarial.com\/wp\/wp-content\/uploads\/2024\/08\/stele-vendome-lesbarrieres.jpg 486w\" sizes=\"auto, (max-width: 150px) 100vw, 150px\" \/><\/a><span style=\"color: #0000ff;\">St\u00e8le des Barri\u00e8res<br \/>\n<\/span><\/h5>\n<p style=\"text-align: center;\"><span style=\"color: #0000ff;\"><em> (photo Souvenir Fran\u00e7ais de Salvagnac)<\/em><\/span><\/p>\n<h5 style=\"text-align: center;\"><a href=\"http:\/\/lemilitarial.com\/wp\/wp-content\/uploads\/2024\/08\/81217-011.jpg\" target=\"_blank\" rel=\"noopener noreferrer\"><img loading=\"lazy\" decoding=\"async\" class=\"alignnone wp-image-3449 size-medium\" src=\"http:\/\/lemilitarial.com\/wp\/wp-content\/uploads\/2024\/08\/81217-011-300x225.jpg\" alt=\"\" width=\"300\" height=\"225\" srcset=\"http:\/\/lemilitarial.com\/wp\/wp-content\/uploads\/2024\/08\/81217-011-300x225.jpg 300w, http:\/\/lemilitarial.com\/wp\/wp-content\/uploads\/2024\/08\/81217-011-1024x768.jpg 1024w, http:\/\/lemilitarial.com\/wp\/wp-content\/uploads\/2024\/08\/81217-011-768x576.jpg 768w, http:\/\/lemilitarial.com\/wp\/wp-content\/uploads\/2024\/08\/81217-011-1536x1152.jpg 1536w, http:\/\/lemilitarial.com\/wp\/wp-content\/uploads\/2024\/08\/81217-011.jpg 1600w\" sizes=\"auto, (max-width: 300px) 100vw, 300px\" \/><\/a><br \/>\n<span style=\"color: #0000ff;\">St\u00e8le du R\u00f4 commune de Puycelsi<br \/>\n<\/span><\/h5>\n<p><span style=\"color: #0000ff;\">Ici le 3 juillet 1944 dans un combat contre les allemands, trois maquisards seront tu\u00e9s, un autre bless\u00e9 sera fait prisonnier et on ne le reverra plus. Un seul r\u00e9ussit \u00e0 s&rsquo;enfuir en suivant le lit du ruisseau (source : Bernard Charles &#8211; La R\u00e9sistance dans le Gaillacois)<br \/>\n<em>(photo Bruno Devillers)<\/em><br \/>\n<\/span><\/p>\n<p><a href=\"http:\/\/lemilitarial.com\/wp\/wp-content\/uploads\/2025\/11\/stelevendome01-tecou-1.jpg\" target=\"_blank\" rel=\"noopener\"><img loading=\"lazy\" decoding=\"async\" class=\"aligncenter wp-image-3890 size-medium\" src=\"http:\/\/lemilitarial.com\/wp\/wp-content\/uploads\/2025\/11\/stelevendome01-tecou-1-300x199.jpg\" alt=\"\" width=\"300\" height=\"199\" srcset=\"http:\/\/lemilitarial.com\/wp\/wp-content\/uploads\/2025\/11\/stelevendome01-tecou-1-300x199.jpg 300w, http:\/\/lemilitarial.com\/wp\/wp-content\/uploads\/2025\/11\/stelevendome01-tecou-1-1024x679.jpg 1024w, http:\/\/lemilitarial.com\/wp\/wp-content\/uploads\/2025\/11\/stelevendome01-tecou-1-768x509.jpg 768w, http:\/\/lemilitarial.com\/wp\/wp-content\/uploads\/2025\/11\/stelevendome01-tecou-1-1170x775.jpg 1170w, http:\/\/lemilitarial.com\/wp\/wp-content\/uploads\/2025\/11\/stelevendome01-tecou-1.jpg 1500w\" sizes=\"auto, (max-width: 300px) 100vw, 300px\" \/><\/a><\/p>\n<h5 style=\"text-align: center;\"><span style=\"color: #0000ff;\">St\u00e8le de TECOU maquis Vend\u00f4me et FTP sud Gaillacois<\/span><\/h5>\n<p style=\"text-align: center;\"><span style=\"color: #0000ff;\"><em>(photo Souvenir Fran\u00e7ais de Salvagnac 25 ao\u00fbt 2024)<\/em><\/span><\/p>\n<p>&nbsp;<\/p>\n<p><a href=\"http:\/\/lemilitarial.com\/wp\/wp-content\/uploads\/2025\/11\/stelevendome02-roques-1.jpg\" target=\"_blank\" rel=\"noopener\"><img loading=\"lazy\" decoding=\"async\" class=\"aligncenter wp-image-3891 size-medium\" src=\"http:\/\/lemilitarial.com\/wp\/wp-content\/uploads\/2025\/11\/stelevendome02-roques-1-300x222.jpg\" alt=\"\" width=\"300\" height=\"222\" srcset=\"http:\/\/lemilitarial.com\/wp\/wp-content\/uploads\/2025\/11\/stelevendome02-roques-1-300x222.jpg 300w, http:\/\/lemilitarial.com\/wp\/wp-content\/uploads\/2025\/11\/stelevendome02-roques-1-1024x759.jpg 1024w, http:\/\/lemilitarial.com\/wp\/wp-content\/uploads\/2025\/11\/stelevendome02-roques-1-768x569.jpg 768w, http:\/\/lemilitarial.com\/wp\/wp-content\/uploads\/2025\/11\/stelevendome02-roques-1.jpg 1080w\" sizes=\"auto, (max-width: 300px) 100vw, 300px\" \/><\/a><\/p>\n<h5 style=\"text-align: center;\"><span style=\"color: #0000ff;\">St\u00e8le G\u00e9rard Roques<\/span><\/h5>\n<p style=\"text-align: center;\"><span style=\"color: #0000ff;\"><em>A l&rsquo;entr\u00e9e de la for\u00eat de Sivens (Oustri\u00e8res),lieu o\u00f9 G\u00e9rard Roques a \u00e9t\u00e9 abattu de 15 balles alors qu&rsquo;il tentait de s&rsquo;\u00e9vader.<br \/>\n(photo Souvenir Fran\u00e7ais de Salvagnac)<\/em><\/span><\/p>\n<p><a href=\"http:\/\/lemilitarial.com\/wp\/wp-content\/uploads\/2025\/11\/stelevendome03-aguilar-1.jpg\" target=\"_blank\" rel=\"noopener\"><img loading=\"lazy\" decoding=\"async\" class=\"aligncenter wp-image-3892 size-medium\" src=\"http:\/\/lemilitarial.com\/wp\/wp-content\/uploads\/2025\/11\/stelevendome03-aguilar-1-226x300.jpg\" alt=\"\" width=\"226\" height=\"300\" srcset=\"http:\/\/lemilitarial.com\/wp\/wp-content\/uploads\/2025\/11\/stelevendome03-aguilar-1-226x300.jpg 226w, http:\/\/lemilitarial.com\/wp\/wp-content\/uploads\/2025\/11\/stelevendome03-aguilar-1-771x1024.jpg 771w, http:\/\/lemilitarial.com\/wp\/wp-content\/uploads\/2025\/11\/stelevendome03-aguilar-1-768x1020.jpg 768w, http:\/\/lemilitarial.com\/wp\/wp-content\/uploads\/2025\/11\/stelevendome03-aguilar-1.jpg 1080w\" sizes=\"auto, (max-width: 226px) 100vw, 226px\" \/><\/a><\/p>\n<h5 style=\"text-align: center;\"><span style=\"color: #0000ff;\">St\u00e8le Manuel Aguilar<\/span><\/h5>\n<p style=\"text-align: center;\"><span style=\"color: #0000ff;\"><em>Sur la commune de Souel: Manuel Aguilar a \u00e9t\u00e9 tu\u00e9 le 11 ao\u00fbt 1944 \u00e0 l&rsquo;\u00e2ge de 20 ans; Il avait rejoint le maquis Jean-Pierre la veille.<br \/>\n(<\/em><\/span><span style=\"color: #0000ff;\"><em>photo Souvenir Fran\u00e7ais de Salvagnac)<\/em><\/span><\/p>\n<p>&nbsp;<\/p>\n<p><a href=\"http:\/\/lemilitarial.com\/wp\/wp-content\/uploads\/2025\/11\/stelevendome04-pontdupasse-1.jpg\" target=\"_blank\" rel=\"noopener\"><img loading=\"lazy\" decoding=\"async\" class=\"aligncenter wp-image-3893 size-medium\" src=\"http:\/\/lemilitarial.com\/wp\/wp-content\/uploads\/2025\/11\/stelevendome04-pontdupasse-1-225x300.jpg\" alt=\"\" width=\"225\" height=\"300\" srcset=\"http:\/\/lemilitarial.com\/wp\/wp-content\/uploads\/2025\/11\/stelevendome04-pontdupasse-1-225x300.jpg 225w, http:\/\/lemilitarial.com\/wp\/wp-content\/uploads\/2025\/11\/stelevendome04-pontdupasse-1.jpg 768w\" sizes=\"auto, (max-width: 225px) 100vw, 225px\" \/><\/a><\/p>\n<h5 style=\"text-align: center;\"><span style=\"color: #0000ff;\">St\u00e8le du Pont du Pass\u00e9<\/span><\/h5>\n<p style=\"text-align: center;\"><span style=\"color: #0000ff;\"><em>Commune de Rabastens sur Tarn: en souvenir de 2 maquisards tu\u00e9s du corps franc de Rabastens(Riri) et du maquis Karl(maquis itin\u00e9rant<br \/>\n(photo Souvenir Fran\u00e7ais de Salvagnac)<\/em><\/span><\/p>\n<p><a href=\"http:\/\/lemilitarial.com\/wp\/wp-content\/uploads\/2025\/11\/stelevendome05-rivieres-1.jpg\" target=\"_blank\" rel=\"noopener\"><img loading=\"lazy\" decoding=\"async\" class=\"aligncenter wp-image-3894 size-medium\" src=\"http:\/\/lemilitarial.com\/wp\/wp-content\/uploads\/2025\/11\/stelevendome05-rivieres-1-300x219.jpg\" alt=\"\" width=\"300\" height=\"219\" srcset=\"http:\/\/lemilitarial.com\/wp\/wp-content\/uploads\/2025\/11\/stelevendome05-rivieres-1-300x219.jpg 300w, http:\/\/lemilitarial.com\/wp\/wp-content\/uploads\/2025\/11\/stelevendome05-rivieres-1-1024x748.jpg 1024w, http:\/\/lemilitarial.com\/wp\/wp-content\/uploads\/2025\/11\/stelevendome05-rivieres-1-768x561.jpg 768w, http:\/\/lemilitarial.com\/wp\/wp-content\/uploads\/2025\/11\/stelevendome05-rivieres-1-1170x854.jpg 1170w, http:\/\/lemilitarial.com\/wp\/wp-content\/uploads\/2025\/11\/stelevendome05-rivieres-1.jpg 1500w\" sizes=\"auto, (max-width: 300px) 100vw, 300px\" \/><\/a><\/p>\n<h5 style=\"text-align: center;\"><span style=\"color: #0000ff;\">St\u00e8le de Rivi\u00e8res<\/span><\/h5>\n<p style=\"text-align: center;\"><span style=\"color: #0000ff;\"><em>St\u00e8le des 15 maquisards tu\u00e9s lors de l&rsquo;attaque du 17 ao\u00fbt 1944 d&rsquo;un convoi allemand de 300 hommes.<br \/>\n(photo lemilitarial.com)<\/em><\/span><\/p>\n<p><a href=\"http:\/\/lemilitarial.com\/wp\/wp-content\/uploads\/2025\/11\/stelevendome06-fontauzit-1.jpg\" target=\"_blank\" rel=\"noopener\"><img loading=\"lazy\" decoding=\"async\" class=\"aligncenter wp-image-3895 size-medium\" src=\"http:\/\/lemilitarial.com\/wp\/wp-content\/uploads\/2025\/11\/stelevendome06-fontauzit-1-225x300.jpg\" alt=\"\" width=\"225\" height=\"300\" srcset=\"http:\/\/lemilitarial.com\/wp\/wp-content\/uploads\/2025\/11\/stelevendome06-fontauzit-1-225x300.jpg 225w, http:\/\/lemilitarial.com\/wp\/wp-content\/uploads\/2025\/11\/stelevendome06-fontauzit-1-768x1024.jpg 768w, http:\/\/lemilitarial.com\/wp\/wp-content\/uploads\/2025\/11\/stelevendome06-fontauzit-1.jpg 1125w\" sizes=\"auto, (max-width: 225px) 100vw, 225px\" \/><\/a><\/p>\n<h5 style=\"text-align: center;\"><span style=\"color: #0000ff;\">St\u00e8le de Fontauzit<\/span><\/h5>\n<p style=\"text-align: center;\"><span style=\"color: #0000ff;\"><em>Pr\u00e8s de la Grande Baraque en for\u00eat de Gr\u00e9signe: St\u00e8le \u00e9rig\u00e9e en 2012 \u00e0 l&#8217;emplacement exact du PC de Jean-Pierre, chef du maquis \u00e9ponyme.<br \/>\n(Photo Souvenir Fran\u00e7ais de Salvagnac)<\/em><\/span><\/p>\n","protected":false},"excerpt":{"rendered":"<p>Les lieux occup\u00e9s par des \u00e9l\u00e9ments du Groupe Vend\u00f4me sont rappel\u00e9s par des st\u00e8les. St\u00e8le de La Prune commune de Marnaves. La Prune \u00e9tait le P.C du maquis Kl\u00e9ber du groupe Vend\u00f4me.&nbsp; Cette st\u00e8le a \u00e9t\u00e9 r\u00e9nov\u00e9e en juin 2024&#8230;.<br \/><a class=\"read-more-button\" href=\"http:\/\/lemilitarial.com\/wp\/steles-groupe-vendome\/\">Savoir plus<\/a><\/p>\n","protected":false},"author":1,"featured_media":0,"parent":0,"menu_order":0,"comment_status":"closed","ping_status":"closed","template":"","meta":{"ngg_post_thumbnail":0,"footnotes":""},"class_list":["post-3442","page","type-page","status-publish","hentry"],"_links":{"self":[{"href":"http:\/\/lemilitarial.com\/wp\/wp-json\/wp\/v2\/pages\/3442","targetHints":{"allow":["GET"]}}],"collection":[{"href":"http:\/\/lemilitarial.com\/wp\/wp-json\/wp\/v2\/pages"}],"about":[{"href":"http:\/\/lemilitarial.com\/wp\/wp-json\/wp\/v2\/types\/page"}],"author":[{"embeddable":true,"href":"http:\/\/lemilitarial.com\/wp\/wp-json\/wp\/v2\/users\/1"}],"replies":[{"embeddable":true,"href":"http:\/\/lemilitarial.com\/wp\/wp-json\/wp\/v2\/comments?post=3442"}],"version-history":[{"count":6,"href":"http:\/\/lemilitarial.com\/wp\/wp-json\/wp\/v2\/pages\/3442\/revisions"}],"predecessor-version":[{"id":3897,"href":"http:\/\/lemilitarial.com\/wp\/wp-json\/wp\/v2\/pages\/3442\/revisions\/3897"}],"wp:attachment":[{"href":"http:\/\/lemilitarial.com\/wp\/wp-json\/wp\/v2\/media?parent=3442"}],"curies":[{"name":"wp","href":"https:\/\/api.w.org\/{rel}","templated":true}]}}