{"id":2855,"date":"2022-06-09T19:36:03","date_gmt":"2022-06-09T17:36:03","guid":{"rendered":"http:\/\/lemilitarial.com\/wp\/?page_id=2855"},"modified":"2022-08-02T13:55:30","modified_gmt":"2022-08-02T11:55:30","slug":"exposition-lalimentation-dans-les-tranchees","status":"publish","type":"page","link":"http:\/\/lemilitarial.com\/wp\/exposition-lalimentation-dans-les-tranchees\/","title":{"rendered":"Exposition : L&rsquo;alimentation dans les tranch\u00e9es."},"content":{"rendered":"<p><img loading=\"lazy\" decoding=\"async\" class=\"wp-image-2905 size-medium aligncenter\" src=\"http:\/\/lemilitarial.com\/wp\/wp-content\/uploads\/2022\/08\/expo-alimentation-300x294.jpg\" alt=\"\" width=\"300\" height=\"294\" srcset=\"http:\/\/lemilitarial.com\/wp\/wp-content\/uploads\/2022\/08\/expo-alimentation-300x294.jpg 300w, http:\/\/lemilitarial.com\/wp\/wp-content\/uploads\/2022\/08\/expo-alimentation-45x45.jpg 45w, http:\/\/lemilitarial.com\/wp\/wp-content\/uploads\/2022\/08\/expo-alimentation.jpg 600w\" sizes=\"auto, (max-width: 300px) 100vw, 300px\" \/><br \/>\nCette exposition a \u00e9t\u00e9 cr\u00e9\u00e9e en juin 2022 pour l&rsquo;ouverture de la saison d&rsquo;\u00e9t\u00e9 du mus\u00e9e. Elle retrace la logistique de l\u2019alimentation durant la Grande Guerre ainsi que les apports exceptionnels comme les colis. Des objets issus de nos r\u00e9serves viennent compl\u00e9ter les panneaux de cette exposition. C\u2019est un aspect souvent m\u00e9connu de cette guerre qui est ici trait\u00e9. On y d\u00e9couvre par exemple l\u2019abattage d\u2019animaux ou la cuisson du pain au plus pr\u00e8s du front.<\/p>\n<p>Ci dessous vous pouvez t\u00e9l\u00e9charger le fascicule, copie int\u00e9grale des panneaux de l&rsquo;exposition.<\/p>\n<p><a href=\"http:\/\/lemilitarial.com\/wp\/wp-content\/uploads\/2022\/08\/fascicule-alimentation-tranchees.pdf\" target=\"_blank\" rel=\"noopener noreferrer\"><img loading=\"lazy\" decoding=\"async\" class=\"aligncenter wp-image-2583 size-full\" src=\"http:\/\/lemilitarial.com\/wp\/wp-content\/uploads\/2021\/09\/bouton-telecharger.jpg\" alt=\"\" width=\"94\" height=\"25\"><\/a><\/p>\n","protected":false},"excerpt":{"rendered":"<p>Cette exposition a \u00e9t\u00e9 cr\u00e9\u00e9e en juin 2022 pour l&rsquo;ouverture de la saison d&rsquo;\u00e9t\u00e9 du mus\u00e9e. Elle retrace la logistique de l\u2019alimentation durant la Grande Guerre ainsi que les apports exceptionnels comme les colis. Des objets issus de nos r\u00e9serves&#8230;<br \/><a class=\"read-more-button\" href=\"http:\/\/lemilitarial.com\/wp\/exposition-lalimentation-dans-les-tranchees\/\">Savoir plus<\/a><\/p>\n","protected":false},"author":1,"featured_media":0,"parent":0,"menu_order":0,"comment_status":"closed","ping_status":"closed","template":"","meta":{"ngg_post_thumbnail":0,"footnotes":""},"class_list":["post-2855","page","type-page","status-publish","hentry"],"_links":{"self":[{"href":"http:\/\/lemilitarial.com\/wp\/wp-json\/wp\/v2\/pages\/2855","targetHints":{"allow":["GET"]}}],"collection":[{"href":"http:\/\/lemilitarial.com\/wp\/wp-json\/wp\/v2\/pages"}],"about":[{"href":"http:\/\/lemilitarial.com\/wp\/wp-json\/wp\/v2\/types\/page"}],"author":[{"embeddable":true,"href":"http:\/\/lemilitarial.com\/wp\/wp-json\/wp\/v2\/users\/1"}],"replies":[{"embeddable":true,"href":"http:\/\/lemilitarial.com\/wp\/wp-json\/wp\/v2\/comments?post=2855"}],"version-history":[{"count":5,"href":"http:\/\/lemilitarial.com\/wp\/wp-json\/wp\/v2\/pages\/2855\/revisions"}],"predecessor-version":[{"id":2909,"href":"http:\/\/lemilitarial.com\/wp\/wp-json\/wp\/v2\/pages\/2855\/revisions\/2909"}],"wp:attachment":[{"href":"http:\/\/lemilitarial.com\/wp\/wp-json\/wp\/v2\/media?parent=2855"}],"curies":[{"name":"wp","href":"https:\/\/api.w.org\/{rel}","templated":true}]}}