{"id":1386,"date":"2019-06-04T23:33:44","date_gmt":"2019-06-04T21:33:44","guid":{"rendered":"http:\/\/lemilitarial.com\/wp\/?page_id=1386"},"modified":"2019-06-04T23:42:07","modified_gmt":"2019-06-04T21:42:07","slug":"weismann","status":"publish","type":"page","link":"http:\/\/lemilitarial.com\/wp\/weismann\/","title":{"rendered":"Serge Weisman"},"content":{"rendered":"<table>\n<tbody>\n<tr>\n<td width=\"75\">&nbsp;<img loading=\"lazy\" decoding=\"async\" class=\"size-full wp-image-1387 aligncenter\" src=\"http:\/\/lemilitarial.com\/wp\/wp-content\/uploads\/2019\/06\/logo-entente-castres.jpg\" alt=\"logo-entente-castres\" width=\"76\" height=\"112\"><\/td>\n<td width=\"276\">\n<h5><strong><span style=\"color: #0000ff;\">Comit\u00e9 d\u2019Entente et de Liaison<\/span><br \/>\n<span style=\"color: #ff0000;\">Des Associations d\u2019Anciens Combattants<\/span><br \/>\n<span style=\"color: #ff0000;\"> Victimes de Guerre ou Assimil\u00e9s de CASTRES<\/span><\/strong><\/h5>\n<\/td>\n<\/tr>\n<\/tbody>\n<\/table>\n<p><strong><em><img loading=\"lazy\" decoding=\"async\" class=\"size-full wp-image-1388 alignleft\" src=\"http:\/\/lemilitarial.com\/wp\/wp-content\/uploads\/2019\/06\/weissman.jpg\" alt=\"weissman\" width=\"269\" height=\"329\" srcset=\"http:\/\/lemilitarial.com\/wp\/wp-content\/uploads\/2019\/06\/weissman.jpg 269w, http:\/\/lemilitarial.com\/wp\/wp-content\/uploads\/2019\/06\/weissman-245x300.jpg 245w\" sizes=\"auto, (max-width: 269px) 100vw, 269px\" \/>&nbsp;<\/em><\/strong>Serge Weisman dit Serge Mercier, \u00e9tait n\u00e9 le 5 juillet 1924 \u00e0 Bucarest (Roumanie) de Salomon Weisman et de D\u00e9borah Goldeinberg.<\/p>\n<p>Cette famille est r\u00e9fugi\u00e9e \u00e0 Castres o\u00f9 Serge est scolaris\u00e9 au lyc\u00e9e Jean Jaur\u00e8s. Parfaitement int\u00e9gr\u00e9, il s\u2019implique dans le milieu associatif au sein de l\u2019Emulation Nautique Castraise. En 1943 il d\u00e9cide de rentrer en clandestinit\u00e9 au sein des Forces Fran\u00e7aises de l\u2019Int\u00e9rieur (FFI). Il est membre du service du renseignement de l\u2019Arm\u00e9e Secr\u00e8te dirig\u00e9 par Kulman Witemberg alias M. Charles.<\/p>\n<p>Le 21 juillet 1944, il circule avec un groupe de r\u00e9sistants \u00e0 bord d\u2019une automobile qu\u2019une patrouille allemande intercepte pr\u00e8s du cin\u00e9ma \u00ab&nbsp;le Palmarium&nbsp;\u00bb.<br \/>\nIls tentent de s\u2019enfuir en s\u2019engageant dans l\u2019avenue du Sidobre, mais leur voiture est finalement stopp\u00e9e \u00e0 hauteur de la place Carnot.<br \/>\nSerge Weisman, bless\u00e9, est arr\u00eat\u00e9 et conduit \u00e0 l\u2019H\u00f4tel Dieu tout proche (emplacement actuel de la Vill\u00e9giale St Jacques). Il y est op\u00e9r\u00e9.<\/p>\n<p>Deux jours plus tard, des agents de la \u00ab\u00a0Milice\u00a0\u00bb viennent le r\u00e9cup\u00e9rer de vive force. Des officiers allemands l\u2019interrogeront.<\/p>\n<p>Le 25 juillet 1944, des enfants qui jouaient sur les bords de la Durenque, \u00e0 la sortie de Castres au lieu dit \u00abMesturet\u00bb, d\u00e9couvrirent son cadavre allong\u00e9 dans un pr\u00e9 et portant des traces de torture. Il avait \u00e9t\u00e9 achev\u00e9 de 2 balles dans la nuque.<\/p>\n<p>Il est inhum\u00e9 au cimeti\u00e8re St Roch le 27 juillet 1944 (carr\u00e9 14 rang G n\u00b0 10). La chronique de l\u2019\u00e9poque indique que malgr\u00e9 l\u2019interdiction de la milice d\u2019innombrables fleurs furent d\u00e9pos\u00e9es sur sa tombe.<br \/>\nSa d\u00e9pouille est exhum\u00e9e le 27 mai 1949 pour un transport sur Paris.<\/p>\n<p>Serge Weisman combattant de l\u2019ombre comme tant d\u2019autres est tomb\u00e9 \u00e0 Castres victime de la barbarie nazie. Il avait vingt ans et vingt jours.<\/p>\n<p>\u00c0 lui l\u2019immortalit\u00e9, \u00e0 nous le souvenir.<\/p>\n<table>\n<tbody>\n<tr>\n<td width=\"320\">\n<p style=\"text-align: center;\">&nbsp;<img loading=\"lazy\" decoding=\"async\" class=\"size-full wp-image-1389 aligncenter\" src=\"http:\/\/lemilitarial.com\/wp\/wp-content\/uploads\/2019\/06\/weissman-plaque2.jpg\" alt=\"weissman-plaque2\" width=\"400\" height=\"300\" srcset=\"http:\/\/lemilitarial.com\/wp\/wp-content\/uploads\/2019\/06\/weissman-plaque2.jpg 400w, http:\/\/lemilitarial.com\/wp\/wp-content\/uploads\/2019\/06\/weissman-plaque2-300x225.jpg 300w\" sizes=\"auto, (max-width: 400px) 100vw, 400px\" \/><span style=\"color: #525151;\">Plaque sur l&#8217;emplacement o\u00f9 a \u00e9t\u00e9 arr\u00eat\u00e9 Serge WEISMAN \u00e0 Castres<\/span><\/p>\n<\/td>\n<td width=\"320\">\n<p style=\"text-align: center;\">&nbsp;<img loading=\"lazy\" decoding=\"async\" class=\"size-full wp-image-1390 aligncenter\" src=\"http:\/\/lemilitarial.com\/wp\/wp-content\/uploads\/2019\/06\/weissman-plaque-musee.jpg\" alt=\"weissman-plaque-musee\" width=\"400\" height=\"300\" srcset=\"http:\/\/lemilitarial.com\/wp\/wp-content\/uploads\/2019\/06\/weissman-plaque-musee.jpg 400w, http:\/\/lemilitarial.com\/wp\/wp-content\/uploads\/2019\/06\/weissman-plaque-musee-300x225.jpg 300w\" sizes=\"auto, (max-width: 400px) 100vw, 400px\" \/><span style=\"color: #525151;\">Cette plaque actuellement au Mus\u00e9e M\u00e9morial pour la Paix de Boissezon, a \u00e9t\u00e9 remplac\u00e9e par celle de la photo pr\u00e9c\u00e9dente.<\/span><\/p>\n<\/td>\n<\/tr>\n<\/tbody>\n<\/table>\n","protected":false},"excerpt":{"rendered":"<p>&nbsp; Comit\u00e9 d\u2019Entente et de Liaison Des Associations d\u2019Anciens Combattants Victimes de Guerre ou Assimil\u00e9s de CASTRES &nbsp;Serge Weisman dit Serge Mercier, \u00e9tait n\u00e9 le 5 juillet 1924 \u00e0 Bucarest (Roumanie) de Salomon Weisman et de D\u00e9borah Goldeinberg. Cette famille&#8230;<br \/><a class=\"read-more-button\" href=\"http:\/\/lemilitarial.com\/wp\/weismann\/\">Savoir plus<\/a><\/p>\n","protected":false},"author":1,"featured_media":0,"parent":0,"menu_order":0,"comment_status":"closed","ping_status":"closed","template":"","meta":{"ngg_post_thumbnail":0,"footnotes":""},"class_list":["post-1386","page","type-page","status-publish","hentry"],"_links":{"self":[{"href":"http:\/\/lemilitarial.com\/wp\/wp-json\/wp\/v2\/pages\/1386","targetHints":{"allow":["GET"]}}],"collection":[{"href":"http:\/\/lemilitarial.com\/wp\/wp-json\/wp\/v2\/pages"}],"about":[{"href":"http:\/\/lemilitarial.com\/wp\/wp-json\/wp\/v2\/types\/page"}],"author":[{"embeddable":true,"href":"http:\/\/lemilitarial.com\/wp\/wp-json\/wp\/v2\/users\/1"}],"replies":[{"embeddable":true,"href":"http:\/\/lemilitarial.com\/wp\/wp-json\/wp\/v2\/comments?post=1386"}],"version-history":[{"count":8,"href":"http:\/\/lemilitarial.com\/wp\/wp-json\/wp\/v2\/pages\/1386\/revisions"}],"predecessor-version":[{"id":1399,"href":"http:\/\/lemilitarial.com\/wp\/wp-json\/wp\/v2\/pages\/1386\/revisions\/1399"}],"wp:attachment":[{"href":"http:\/\/lemilitarial.com\/wp\/wp-json\/wp\/v2\/media?parent=1386"}],"curies":[{"name":"wp","href":"https:\/\/api.w.org\/{rel}","templated":true}]}}